{"id":103,"date":"2023-05-18T15:04:33","date_gmt":"2023-05-18T15:04:33","guid":{"rendered":"https:\/\/bruggaklopfer.de\/?page_id=103"},"modified":"2026-02-16T16:50:32","modified_gmt":"2026-02-16T16:50:32","slug":"kontakt","status":"publish","type":"page","link":"https:\/\/www.bruggaklopfer.de\/index.php\/kontakt\/","title":{"rendered":"Kontakt"},"content":{"rendered":"<p><div class=\"fusion-fullwidth fullwidth-box fusion-builder-row-1 fusion-flex-container has-pattern-background has-mask-background fusion-parallax-none nonhundred-percent-fullwidth non-hundred-percent-height-scrolling lazyload fusion-animated\" style=\"--awb-border-radius-top-left:0px;--awb-border-radius-top-right:0px;--awb-border-radius-bottom-right:0px;--awb-border-radius-bottom-left:0px;--awb-padding-top:8vw;--awb-padding-bottom:8vw;--awb-background-image:linear-gradient(180deg, rgba(20,11,9,0.7) 0%,rgba(20,11,9,0.71) 100%);;--awb-background-size:cover;--awb-flex-wrap:wrap;--awb-animation-color:var(--awb-color8);\" data-bg=\"https:\/\/www.bruggaklopfer.de\/wp-content\/uploads\/2026\/02\/Gruppenbild.webp\" data-bg-gradient=\"linear-gradient(180deg, rgba(20,11,9,0.7) 0%,rgba(20,11,9,0.71) 100%)\" data-animationType=\"revealInLeft\" data-animationDuration=\"1.3\" data-animationOffset=\"top-into-view\" ><div class=\"fusion-builder-row fusion-row fusion-flex-align-items-flex-start fusion-flex-justify-content-center fusion-flex-content-wrap\" style=\"max-width:1248px;margin-left: calc(-4% \/ 2 );margin-right: calc(-4% \/ 2 );\"><div class=\"fusion-layout-column fusion_builder_column fusion-builder-column-0 fusion_builder_column_3_4 3_4 fusion-flex-column fusion-animated\" style=\"--awb-bg-size:cover;--awb-width-large:75%;--awb-margin-top-large:0px;--awb-spacing-right-large:2.56%;--awb-margin-bottom-large:0px;--awb-spacing-left-large:2.56%;--awb-width-medium:75%;--awb-order-medium:0;--awb-spacing-right-medium:2.56%;--awb-spacing-left-medium:2.56%;--awb-width-small:100%;--awb-order-small:0;--awb-spacing-right-small:1.92%;--awb-spacing-left-small:1.92%;\" data-animationType=\"fadeInUp\" data-animationDuration=\"1.3\" data-animationDelay=\"1.3\" data-animationOffset=\"top-into-view\"><div class=\"fusion-column-wrapper fusion-column-has-shadow fusion-flex-justify-content-flex-start fusion-content-layout-column\"><div class=\"fusion-title title fusion-title-1 fusion-no-small-visibility fusion-no-medium-visibility fusion-sep-none fusion-title-center fusion-title-text fusion-title-size-one\" style=\"--awb-margin-top:0px;--awb-margin-bottom:40px;--awb-margin-top-small:10px;--awb-margin-right-small:0px;--awb-margin-bottom-small:10px;--awb-margin-left-small:0px;\"><h1 class=\"fusion-title-heading title-heading-center fusion-responsive-typography-calculated\" style=\"margin:0;--fontSize:62;line-height:1.08;\">Wie k\u00f6nnen wir helfen?<\/h1><\/div><div class=\"fusion-title title fusion-title-2 fusion-sep-none fusion-title-center fusion-title-text fusion-title-size-div\" style=\"--awb-text-color:var(--awb-color2);--awb-margin-top:0px;--awb-margin-bottom:30px;--awb-margin-top-small:10px;--awb-margin-right-small:0px;--awb-margin-bottom-small:10px;--awb-margin-left-small:0px;--awb-font-size:var(--awb-typography2-font-size);\"><div class=\"fusion-title-heading title-heading-center title-heading-tag fusion-responsive-typography-calculated\" style=\"font-family:var(--awb-typography2-font-family);font-weight:var(--awb-typography2-font-weight);font-style:var(--awb-typography2-font-style);margin:0;letter-spacing:var(--awb-typography2-letter-spacing);text-transform:var(--awb-typography2-text-transform);font-size:1em;--fontSize:17;--minFontSize:17;line-height:var(--awb-typography2-line-height);\">Kontakt<\/div><\/div><div class=\"fusion-text fusion-text-1 fusion-text-no-margin\" style=\"--awb-content-alignment:center;--awb-text-color:var(--awb-color1);--awb-margin-right:15px;--awb-margin-bottom:0px;--awb-margin-left:15px;\"><p>Kontaktiere uns f\u00fcr Anfragen oder besuche eine Probe, um uns live zu erleben. Interessiert an Auftritten? Lass es uns wissen! Entdecke Mitgliedschaftsm\u00f6glichkeiten und werde Teil unserer leidenschaftlichen Gemeinschaft. Wir freuen uns auf deine Nachricht!<\/p>\n<\/div><\/div><\/div><\/div><\/div><div class=\"fusion-fullwidth fullwidth-box fusion-builder-row-2 fusion-flex-container has-pattern-background has-mask-background nonhundred-percent-fullwidth non-hundred-percent-height-scrolling\" style=\"--awb-border-radius-top-left:0px;--awb-border-radius-top-right:0px;--awb-border-radius-bottom-right:0px;--awb-border-radius-bottom-left:0px;--awb-margin-top:50px;--awb-flex-wrap:wrap;\" ><div class=\"fusion-builder-row fusion-row fusion-flex-align-items-flex-start fusion-flex-content-wrap\" style=\"max-width:1248px;margin-left: calc(-4% \/ 2 );margin-right: calc(-4% \/ 2 );\"><div class=\"fusion-layout-column fusion_builder_column fusion-builder-column-1 fusion_builder_column_1_1 1_1 fusion-flex-column\" style=\"--awb-bg-size:cover;--awb-width-large:100%;--awb-margin-top-large:0px;--awb-spacing-right-large:1.92%;--awb-margin-bottom-large:0px;--awb-spacing-left-large:1.92%;--awb-width-medium:100%;--awb-order-medium:0;--awb-spacing-right-medium:1.92%;--awb-spacing-left-medium:1.92%;--awb-width-small:100%;--awb-order-small:0;--awb-spacing-right-small:1.92%;--awb-spacing-left-small:1.92%;\"><div class=\"fusion-column-wrapper fusion-column-has-shadow fusion-flex-justify-content-flex-start fusion-content-layout-column\"><div class=\"fusion-tabs fusion-tabs-1 clean nav-not-justified horizontal-tabs icon-position-left mobile-mode-accordion\" style=\"--icon-color:var(--awb-color2);--icon-active-color:var(--awb-color1);--awb-title-border-radius-top-left:20px;--awb-title-border-radius-top-right:20px;--awb-title-border-radius-bottom-right:20px;--awb-title-border-radius-bottom-left:20px;--awb-alignment:center;--awb-inactive-color:rgba(255,255,255,0);--awb-title-text-color:var(--awb-color2);--awb-title-active-text-color:var(--awb-color1);--awb-background-color:var(--awb-color2);--awb-border-color:var(--awb-color5);--awb-active-border-color:var(--awb-color2);\"><div class=\"nav\"><ul class=\"nav-tabs\" role=\"tablist\" aria-orientation=\"horizontal\"><li class=\"active\" role=\"presentation\"><a class=\"tab-link\" data-toggle=\"tab\" role=\"tab\" aria-controls=\"tab-e65027a953fc5da11e0\" aria-selected=\"true\" tabindex=\"0\" id=\"fusion-tab-e65027a953fc5da11e0\" href=\"#tab-e65027a953fc5da11e0\"><h4 class=\"fusion-tab-heading\"><i class=\"fontawesome-icon fa-handshake fas\" aria-hidden=\"true\" style=\"font-size:20px;\"><\/i>Mitglied werden<\/h4><\/a><\/li><li  role=\"presentation\"><a class=\"tab-link\" data-toggle=\"tab\" role=\"tab\" aria-controls=\"tab-2f4dd132f4fa45ccd1f\" aria-selected=\"false\" tabindex=\"-1\" id=\"fusion-tab-2f4dd132f4fa45ccd1f\" href=\"#tab-2f4dd132f4fa45ccd1f\"><h4 class=\"fusion-tab-heading\"><i class=\"fontawesome-icon fa-microphone-alt fas\" aria-hidden=\"true\" style=\"font-size:20px;\"><\/i>Auftrittsanfragen<\/h4><\/a><\/li><li  role=\"presentation\"><a class=\"tab-link\" data-toggle=\"tab\" role=\"tab\" aria-controls=\"tab-0a70b292aa78864ea9f\" aria-selected=\"false\" tabindex=\"-1\" id=\"fusion-tab-0a70b292aa78864ea9f\" href=\"#tab-0a70b292aa78864ea9f\"><h4 class=\"fusion-tab-heading\"><i class=\"fontawesome-icon fa-envelope-open fas\" aria-hidden=\"true\" style=\"font-size:20px;\"><\/i>Allgemeine Anfragen<\/h4><\/a><\/li><\/ul><\/div><div class=\"tab-content\"><div class=\"nav fusion-mobile-tab-nav\"><ul class=\"nav-tabs\" role=\"tablist\" aria-orientation=\"horizontal\"><li class=\"active\" role=\"presentation\"><a class=\"tab-link\" data-toggle=\"tab\" role=\"tab\" aria-controls=\"tab-e65027a953fc5da11e0\" aria-selected=\"true\" tabindex=\"0\" id=\"mobile-fusion-tab-e65027a953fc5da11e0\" href=\"#tab-e65027a953fc5da11e0\"><h4 class=\"fusion-tab-heading\"><i class=\"fontawesome-icon fa-handshake fas\" aria-hidden=\"true\" style=\"font-size:20px;\"><\/i>Mitglied werden<\/h4><\/a><\/li><\/ul><\/div><div class=\"tab-pane fade fusion-clearfix in active\" role=\"tabpanel\" tabindex=\"0\" aria-labelledby=\"fusion-tab-e65027a953fc5da11e0\" id=\"tab-e65027a953fc5da11e0\">\n<h4 style=\"font-weight: 400;\"><u>Aktiv-Mitglied<\/u><\/h4>\n<div class=\"relative flex w-full flex-col lg:w-&#091;calc(100%-115px)&#093; agent-turn\">\n<div class=\"flex-col gap-1 md:gap-3\">\n<div class=\"flex flex-grow flex-col max-w-full\">\n<div class=\"min-h-&#091;20px&#093; text-message flex flex-col items-start gap-3 whitespace-pre-wrap break-words &#091;.text-message+&amp;&#093;:mt-5 overflow-x-auto\" data-message-author-role=\"assistant\" data-message-id=\"971c3115-49c2-4936-ab43-f273bd74dd07\">\n<div class=\"markdown prose w-full break-words dark:prose-invert dark\">\n<p>Interessiert an einer aktiven Rolle in unserem Verein? Wir bieten Anf\u00e4ngerkurse f\u00fcr Blasinstrumente!<\/p>\n<p>Du spielst bereits ein Instrument und m\u00f6chtest dich engagieren? Kontaktiere uns gerne unter <a target=\"_new\" rel=\"noopener\">musik@bruggaklopfer.de<\/a>.<\/p>\n<p>M\u00f6chtest du ein Blechblasinstrument aus unserem Ensemble erlernen? Klicke <a href=\"https:\/\/www.bruggaklopfer.de\/index.php\/ausbildungsprogramme\/\"><strong>hier<\/strong><\/a>, um alles \u00fcber unsere internen Ausbildungsprogramme f\u00fcr Blechblasinstrumente zu erfahren.<\/p>\n<\/div>\n<\/div>\n<\/div>\n<\/div>\n<\/div>\n<h4 style=\"font-weight: 400;\"><u>Passiv-Mitglied<\/u><\/h4>\n<p>Unterst\u00fctze uns als passives Mitglied und genie\u00dfe dadurch besondere Vorteile.<\/p>\n<p>Erlebe als Teil unseres Vereins exklusive Events wie Weihnachtsfeiern, Ausfl\u00fcge und Sommerfeste. Du hast zudem die Chance, uns bei Auftritten zu begleiten, inklusive einem reservierten Platz im Bus. Bleibe mit direkten Neuigkeiten \u00fcber den Verein stets informiert und erhalte Zugang zum exklusiven Mitgliederbereich<\/p>\n<p style=\"font-weight: 400;\">F\u00fcr n\u00e4here Informationen melde dich unter:<\/p>\n<p style=\"font-weight: 400;\"><a href=\"mailto:Kontakt@bruggaklopfer.de\">kontakt@bruggaklopfer.de<\/a><\/p>\n<\/div><div class=\"nav fusion-mobile-tab-nav\"><ul class=\"nav-tabs\" role=\"tablist\" aria-orientation=\"horizontal\"><li  role=\"presentation\"><a class=\"tab-link\" data-toggle=\"tab\" role=\"tab\" aria-controls=\"tab-2f4dd132f4fa45ccd1f\" aria-selected=\"false\" tabindex=\"-1\" id=\"mobile-fusion-tab-2f4dd132f4fa45ccd1f\" href=\"#tab-2f4dd132f4fa45ccd1f\"><h4 class=\"fusion-tab-heading\"><i class=\"fontawesome-icon fa-microphone-alt fas\" aria-hidden=\"true\" style=\"font-size:20px;\"><\/i>Auftrittsanfragen<\/h4><\/a><\/li><\/ul><\/div><div class=\"tab-pane fade fusion-clearfix\" role=\"tabpanel\" tabindex=\"0\" aria-labelledby=\"fusion-tab-2f4dd132f4fa45ccd1f\" id=\"tab-2f4dd132f4fa45ccd1f\">\n<p style=\"font-weight: 400;\">Wenn du daran interessiert bist, unseren faszinierenden Bruggisound f\u00fcr dein Event zu buchen, z\u00f6gere nicht, uns zu kontaktieren. F\u00fcr Auftrittsanfragen stehen wir dir jederzeit zur Verf\u00fcgung. Melde dich einfach unter <a target=\"_new\" rel=\"noopener\">tour@bruggaklopfer.de<\/a>, und wir besprechen alle Details, um dein Ereignis mit unserer Musik zu einem spektakul\u00e4ren Erlebnis zu machen. Wir freuen uns darauf, mit unserem Sound dein Event zu einem unvergesslichen Erlebnis zu gestalten!<\/p>\n<\/div><div class=\"nav fusion-mobile-tab-nav\"><ul class=\"nav-tabs\" role=\"tablist\" aria-orientation=\"horizontal\"><li  role=\"presentation\"><a class=\"tab-link\" data-toggle=\"tab\" role=\"tab\" aria-controls=\"tab-0a70b292aa78864ea9f\" aria-selected=\"false\" tabindex=\"-1\" id=\"mobile-fusion-tab-0a70b292aa78864ea9f\" href=\"#tab-0a70b292aa78864ea9f\"><h4 class=\"fusion-tab-heading\"><i class=\"fontawesome-icon fa-envelope-open fas\" aria-hidden=\"true\" style=\"font-size:20px;\"><\/i>Allgemeine Anfragen<\/h4><\/a><\/li><\/ul><\/div><div class=\"tab-pane fade fusion-clearfix\" role=\"tabpanel\" tabindex=\"0\" aria-labelledby=\"fusion-tab-0a70b292aa78864ea9f\" id=\"tab-0a70b292aa78864ea9f\">\n<p style=\"font-weight: 400;\">F\u00fcr allgemeine Anfragen, Vorschl\u00e4ge oder jegliche andere Anliegen, bitten wir dich, uns unter <a href=\"mailto:kontakt@bruggaklopfer.de\" target=\"_new\" rel=\"noopener\">kontakt@bruggaklopfer.de<\/a> zu kontaktieren. Ob du Informationen zu unseren Veranstaltungen, Details zu unserer Musik oder M\u00f6glichkeiten zur Mitarbeit suchst \u2013 wir sind hier, um zu helfen und alle deine Fragen zu beantworten. Dein Feedback und deine Ideen sind uns wichtig, denn sie helfen uns, uns stetig zu verbessern. Wir freuen uns auf deine Nachricht und werden uns bem\u00fchen, schnellstm\u00f6glich zu antworten.<\/p>\n<\/div><\/div><\/div><\/div><\/div><div class=\"fusion-layout-column fusion_builder_column fusion-builder-column-2 fusion_builder_column_1_1 1_1 fusion-flex-column\" style=\"--awb-bg-size:cover;--awb-width-large:100%;--awb-margin-top-large:0px;--awb-spacing-right-large:1.92%;--awb-margin-bottom-large:0px;--awb-spacing-left-large:1.92%;--awb-width-medium:100%;--awb-order-medium:0;--awb-spacing-right-medium:1.92%;--awb-spacing-left-medium:1.92%;--awb-width-small:100%;--awb-order-small:0;--awb-spacing-right-small:1.92%;--awb-spacing-left-small:1.92%;\"><div class=\"fusion-column-wrapper fusion-column-has-shadow fusion-flex-justify-content-flex-start fusion-content-layout-column\"><div class=\"fusion-text fusion-text-2\" style=\"--awb-content-alignment:center;--awb-font-size:30px;--awb-text-color:var(--awb-color3);\"><p>Wir freuen uns auf deine Nachricht!<\/p>\n<\/div><\/div><\/div><\/div><\/div><\/p>\n","protected":false},"excerpt":{"rendered":"","protected":false},"author":1,"featured_media":0,"parent":0,"menu_order":0,"comment_status":"closed","ping_status":"closed","template":"100-width.php","meta":{"_acf_changed":false,"footnotes":""},"class_list":["post-103","page","type-page","status-publish","hentry"],"acf":[],"_links":{"self":[{"href":"https:\/\/www.bruggaklopfer.de\/index.php\/wp-json\/wp\/v2\/pages\/103","targetHints":{"allow":["GET"]}}],"collection":[{"href":"https:\/\/www.bruggaklopfer.de\/index.php\/wp-json\/wp\/v2\/pages"}],"about":[{"href":"https:\/\/www.bruggaklopfer.de\/index.php\/wp-json\/wp\/v2\/types\/page"}],"author":[{"embeddable":true,"href":"https:\/\/www.bruggaklopfer.de\/index.php\/wp-json\/wp\/v2\/users\/1"}],"replies":[{"embeddable":true,"href":"https:\/\/www.bruggaklopfer.de\/index.php\/wp-json\/wp\/v2\/comments?post=103"}],"version-history":[{"count":32,"href":"https:\/\/www.bruggaklopfer.de\/index.php\/wp-json\/wp\/v2\/pages\/103\/revisions"}],"predecessor-version":[{"id":1929,"href":"https:\/\/www.bruggaklopfer.de\/index.php\/wp-json\/wp\/v2\/pages\/103\/revisions\/1929"}],"wp:attachment":[{"href":"https:\/\/www.bruggaklopfer.de\/index.php\/wp-json\/wp\/v2\/media?parent=103"}],"curies":[{"name":"wp","href":"https:\/\/api.w.org\/{rel}","templated":true}]}}